{"id":1092,"date":"2020-05-14T17:06:36","date_gmt":"2020-05-14T15:06:36","guid":{"rendered":"https:\/\/holzkunst-mit-funktion.de\/?page_id=1092"},"modified":"2022-11-07T17:48:45","modified_gmt":"2022-11-07T16:48:45","slug":"accessoires","status":"publish","type":"page","link":"https:\/\/holzkunst-mit-funktion.de\/index.php\/portfolio\/holzkunst\/accessoires\/","title":{"rendered":"Accessoires"},"content":{"rendered":"\t\t<div data-elementor-type=\"wp-page\" data-elementor-id=\"1092\" class=\"elementor elementor-1092\">\n\t\t\t\t\t\t<section class=\"elementor-section elementor-top-section elementor-element elementor-element-8507a20 elementor-section-boxed elementor-section-height-default elementor-section-height-default\" data-id=\"8507a20\" data-element_type=\"section\" data-e-type=\"section\">\n\t\t\t\t\t\t<div class=\"elementor-container elementor-column-gap-default\">\n\t\t\t\t\t<div class=\"elementor-column elementor-col-100 elementor-top-column elementor-element elementor-element-28aa7f0\" data-id=\"28aa7f0\" data-element_type=\"column\" data-e-type=\"column\">\n\t\t\t<div class=\"elementor-widget-wrap elementor-element-populated\">\n\t\t\t\t\t\t<div class=\"elementor-element elementor-element-efe6ea1 elementor-widget elementor-widget-text-editor\" data-id=\"efe6ea1\" data-element_type=\"widget\" data-e-type=\"widget\" data-widget_type=\"text-editor.default\">\n\t\t\t\t<div class=\"elementor-widget-container\">\n\t\t\t\t\t\t\t\t\t<p><span style=\"color: #ff6600;\">\u00a0<\/span><\/p>\t\t\t\t\t\t\t\t<\/div>\n\t\t\t\t<\/div>\n\t\t\t\t<div class=\"elementor-element elementor-element-41d4c9b elementor-widget elementor-widget-text-editor\" data-id=\"41d4c9b\" data-element_type=\"widget\" data-e-type=\"widget\" data-widget_type=\"text-editor.default\">\n\t\t\t\t<div class=\"elementor-widget-container\">\n\t\t\t\t\t\t\t\t\t<p>Alle Liebsten an einem Platz. Das schlichte naturbelassene Treibholz kann 4 Bilder mit einer gr\u00f6\u00dfe von ca. 6&#215;6 cm aufnehmen. Mit der schlanken Form findet sich daf\u00fcr an jeder Wand ein geeigneter Platz.<\/p>\t\t\t\t\t\t\t\t<\/div>\n\t\t\t\t<\/div>\n\t\t\t\t<div class=\"elementor-element elementor-element-446bf5e elementor-pagination-position-outside elementor-widget elementor-widget-image-carousel\" data-id=\"446bf5e\" data-element_type=\"widget\" data-e-type=\"widget\" data-settings=\"{&quot;slides_to_show&quot;:&quot;1&quot;,&quot;navigation&quot;:&quot;dots&quot;,&quot;autoplay&quot;:&quot;no&quot;,&quot;effect&quot;:&quot;fade&quot;,&quot;speed&quot;:1500,&quot;infinite&quot;:&quot;yes&quot;}\" data-widget_type=\"image-carousel.default\">\n\t\t\t\t<div class=\"elementor-widget-container\">\n\t\t\t\t\t\t\t<div class=\"elementor-image-carousel-wrapper swiper\" role=\"region\" aria-roledescription=\"carousel\" aria-label=\"Bild Karussell\" dir=\"ltr\">\n\t\t\t<div class=\"elementor-image-carousel swiper-wrapper\" aria-live=\"polite\">\n\t\t\t\t\t\t\t\t<div class=\"swiper-slide\" role=\"group\" aria-roledescription=\"slide\" aria-label=\"1 von 3\"><a data-elementor-open-lightbox=\"yes\" data-elementor-lightbox-slideshow=\"446bf5e\" data-elementor-lightbox-title=\"BL_0203\" data-e-action-hash=\"#elementor-action%3Aaction%3Dlightbox%26settings%3DeyJpZCI6MTM2NCwidXJsIjoiaHR0cHM6XC9cL2hvbHprdW5zdC1taXQtZnVua3Rpb24uZGVcL3dwLWNvbnRlbnRcL3VwbG9hZHNcLzIwMjFcLzA0XC9CTF8wMjAzLXNjYWxlZC5qcGciLCJzbGlkZXNob3ciOiI0NDZiZjVlIn0%3D\" href=\"https:\/\/holzkunst-mit-funktion.de\/wp-content\/uploads\/2021\/04\/BL_0203-scaled.jpg\"><figure class=\"swiper-slide-inner\"><img decoding=\"async\" class=\"swiper-slide-image\" src=\"https:\/\/holzkunst-mit-funktion.de\/wp-content\/uploads\/elementor\/thumbs\/BL_0203-scaled-qpst7bnnje6mqtxffke2634serrxuhbzqrota0axhc.jpg\" alt=\"BL_0203\" \/><\/figure><\/a><\/div><div class=\"swiper-slide\" role=\"group\" aria-roledescription=\"slide\" aria-label=\"2 von 3\"><a data-elementor-open-lightbox=\"yes\" data-elementor-lightbox-slideshow=\"446bf5e\" data-elementor-lightbox-title=\"BL_0202\" data-e-action-hash=\"#elementor-action%3Aaction%3Dlightbox%26settings%3DeyJpZCI6MTM2MywidXJsIjoiaHR0cHM6XC9cL2hvbHprdW5zdC1taXQtZnVua3Rpb24uZGVcL3dwLWNvbnRlbnRcL3VwbG9hZHNcLzIwMjFcLzA0XC9CTF8wMjAyLXNjYWxlZC5qcGciLCJzbGlkZXNob3ciOiI0NDZiZjVlIn0%3D\" href=\"https:\/\/holzkunst-mit-funktion.de\/wp-content\/uploads\/2021\/04\/BL_0202-scaled.jpg\"><figure class=\"swiper-slide-inner\"><img decoding=\"async\" class=\"swiper-slide-image\" src=\"https:\/\/holzkunst-mit-funktion.de\/wp-content\/uploads\/elementor\/thumbs\/BL_0202-scaled-qpst7bnnje6mqtxffke2634serrxuhbzqrota0axhc.jpg\" alt=\"BL_0202\" \/><\/figure><\/a><\/div><div class=\"swiper-slide\" role=\"group\" aria-roledescription=\"slide\" aria-label=\"3 von 3\"><a data-elementor-open-lightbox=\"yes\" data-elementor-lightbox-slideshow=\"446bf5e\" data-elementor-lightbox-title=\"BL_0201\" data-e-action-hash=\"#elementor-action%3Aaction%3Dlightbox%26settings%3DeyJpZCI6MTM2NywidXJsIjoiaHR0cHM6XC9cL2hvbHprdW5zdC1taXQtZnVua3Rpb24uZGVcL3dwLWNvbnRlbnRcL3VwbG9hZHNcLzIwMjFcLzA0XC9CTF8wMjAxLXNjYWxlZC5qcGciLCJzbGlkZXNob3ciOiI0NDZiZjVlIn0%3D\" href=\"https:\/\/holzkunst-mit-funktion.de\/wp-content\/uploads\/2021\/04\/BL_0201-scaled.jpg\"><figure class=\"swiper-slide-inner\"><img decoding=\"async\" class=\"swiper-slide-image\" src=\"https:\/\/holzkunst-mit-funktion.de\/wp-content\/uploads\/elementor\/thumbs\/BL_0201-scaled-qpst7bnnje6mqtxffke2634serrxuhbzqrota0axhc.jpg\" alt=\"BL_0201\" \/><\/figure><\/a><\/div>\t\t\t<\/div>\n\t\t\t\t\t\t\t\n\t\t\t\t\t\t\t\t\t<div class=\"swiper-pagination\"><\/div>\n\t\t\t\t\t\t\t\t\t<\/div>\n\t\t\t\t\t\t<\/div>\n\t\t\t\t<\/div>\n\t\t\t\t<section class=\"elementor-section elementor-inner-section elementor-element elementor-element-9f9a245 elementor-section-boxed elementor-section-height-default elementor-section-height-default\" data-id=\"9f9a245\" data-element_type=\"section\" data-e-type=\"section\">\n\t\t\t\t\t\t<div class=\"elementor-container elementor-column-gap-default\">\n\t\t\t\t\t<div class=\"elementor-column elementor-col-50 elementor-inner-column elementor-element elementor-element-6981319\" data-id=\"6981319\" data-element_type=\"column\" data-e-type=\"column\">\n\t\t\t<div class=\"elementor-widget-wrap elementor-element-populated\">\n\t\t\t\t\t\t<div class=\"elementor-element elementor-element-7d1853a elementor-widget elementor-widget-text-editor\" data-id=\"7d1853a\" data-element_type=\"widget\" data-e-type=\"widget\" data-widget_type=\"text-editor.default\">\n\t\t\t\t<div class=\"elementor-widget-container\">\n\t\t\t\t\t\t\t\t\t<p><span style=\"color: #ff6600;\"><span style=\"color: #339966;\">Verf\u00fcgbar<\/span><\/span><\/p>\t\t\t\t\t\t\t\t<\/div>\n\t\t\t\t<\/div>\n\t\t\t\t\t<\/div>\n\t\t<\/div>\n\t\t\t\t<div class=\"elementor-column elementor-col-50 elementor-inner-column elementor-element elementor-element-3f80aab\" data-id=\"3f80aab\" data-element_type=\"column\" data-e-type=\"column\">\n\t\t\t<div class=\"elementor-widget-wrap elementor-element-populated\">\n\t\t\t\t\t\t<div class=\"elementor-element elementor-element-74156c2 elementor-widget elementor-widget-text-editor\" data-id=\"74156c2\" data-element_type=\"widget\" data-e-type=\"widget\" data-widget_type=\"text-editor.default\">\n\t\t\t\t<div class=\"elementor-widget-container\">\n\t\t\t\t\t\t\t\t\t<p>Produkt-Code: BR002<\/p><p>Produkt-Info: Holzst\u00fcck: ca. 60&#215;15 cm, Bildgr\u00f6\u00dfe: 4 Fotos bis zu 6&#215;6 cm.<\/p>\t\t\t\t\t\t\t\t<\/div>\n\t\t\t\t<\/div>\n\t\t\t\t\t<\/div>\n\t\t<\/div>\n\t\t\t\t\t<\/div>\n\t\t<\/section>\n\t\t\t\t<div class=\"elementor-element elementor-element-0ccba3d elementor-widget-divider--view-line elementor-widget elementor-widget-divider\" data-id=\"0ccba3d\" data-element_type=\"widget\" data-e-type=\"widget\" data-widget_type=\"divider.default\">\n\t\t\t\t<div class=\"elementor-widget-container\">\n\t\t\t\t\t\t\t<div class=\"elementor-divider\">\n\t\t\t<span class=\"elementor-divider-separator\">\n\t\t\t\t\t\t<\/span>\n\t\t<\/div>\n\t\t\t\t\t\t<\/div>\n\t\t\t\t<\/div>\n\t\t\t\t\t<\/div>\n\t\t<\/div>\n\t\t\t\t\t<\/div>\n\t\t<\/section>\n\t\t\t\t<section class=\"elementor-section elementor-top-section elementor-element elementor-element-20ae786 elementor-section-boxed elementor-section-height-default elementor-section-height-default\" data-id=\"20ae786\" data-element_type=\"section\" data-e-type=\"section\">\n\t\t\t\t\t\t<div class=\"elementor-container elementor-column-gap-default\">\n\t\t\t\t\t<div class=\"elementor-column elementor-col-100 elementor-top-column elementor-element elementor-element-dd5132a\" data-id=\"dd5132a\" data-element_type=\"column\" data-e-type=\"column\">\n\t\t\t<div class=\"elementor-widget-wrap elementor-element-populated\">\n\t\t\t\t\t\t<div class=\"elementor-element elementor-element-a2bae83 elementor-widget elementor-widget-text-editor\" data-id=\"a2bae83\" data-element_type=\"widget\" data-e-type=\"widget\" data-widget_type=\"text-editor.default\">\n\t\t\t\t<div class=\"elementor-widget-container\">\n\t\t\t\t\t\t\t\t\t<p>Der Bilderrahmen wurde aus einem St\u00fcck Treibholz herausgearbeitet. Durch die unterschiedliche Holzdicke entsteht ein interessanter dreidimensionaler Eindruck. Der Rahmen kann ein Bild der Gr\u00f6\u00dfe 10x15cm aufnehmen. Das eingefr\u00e4ste Herz unterhalb des Bildes macht es zu einem einzigartigen Bekenntnis der Zuneigung.<\/p>\t\t\t\t\t\t\t\t<\/div>\n\t\t\t\t<\/div>\n\t\t\t\t<div class=\"elementor-element elementor-element-bee2018 elementor-pagination-position-outside elementor-widget elementor-widget-image-carousel\" data-id=\"bee2018\" data-element_type=\"widget\" data-e-type=\"widget\" data-settings=\"{&quot;slides_to_show&quot;:&quot;1&quot;,&quot;navigation&quot;:&quot;dots&quot;,&quot;autoplay&quot;:&quot;no&quot;,&quot;effect&quot;:&quot;fade&quot;,&quot;speed&quot;:1500,&quot;infinite&quot;:&quot;yes&quot;}\" data-widget_type=\"image-carousel.default\">\n\t\t\t\t<div class=\"elementor-widget-container\">\n\t\t\t\t\t\t\t<div class=\"elementor-image-carousel-wrapper swiper\" role=\"region\" aria-roledescription=\"carousel\" aria-label=\"Bild Karussell\" dir=\"ltr\">\n\t\t\t<div class=\"elementor-image-carousel swiper-wrapper\" aria-live=\"polite\">\n\t\t\t\t\t\t\t\t<div class=\"swiper-slide\" role=\"group\" aria-roledescription=\"slide\" aria-label=\"1 von 3\"><a data-elementor-open-lightbox=\"yes\" data-elementor-lightbox-slideshow=\"bee2018\" data-elementor-lightbox-title=\"BR01-1\" data-e-action-hash=\"#elementor-action%3Aaction%3Dlightbox%26settings%3DeyJpZCI6MTEzMSwidXJsIjoiaHR0cHM6XC9cL2hvbHprdW5zdC1taXQtZnVua3Rpb24uZGVcL3dwLWNvbnRlbnRcL3VwbG9hZHNcLzIwMjBcLzA3XC9CUjAxLTEtc2NhbGVkLmpwZyIsInNsaWRlc2hvdyI6ImJlZTIwMTgifQ%3D%3D\" href=\"https:\/\/holzkunst-mit-funktion.de\/wp-content\/uploads\/2020\/07\/BR01-1-scaled.jpg\"><figure class=\"swiper-slide-inner\"><img decoding=\"async\" class=\"swiper-slide-image\" src=\"https:\/\/holzkunst-mit-funktion.de\/wp-content\/uploads\/elementor\/thumbs\/BR01-1-scaled-qpst7bnnje6mqtxffke2634serrxuhbzqrota0axhc.jpg\" alt=\"BR01-1\" \/><\/figure><\/a><\/div><div class=\"swiper-slide\" role=\"group\" aria-roledescription=\"slide\" aria-label=\"2 von 3\"><a data-elementor-open-lightbox=\"yes\" data-elementor-lightbox-slideshow=\"bee2018\" data-elementor-lightbox-title=\"BR01-2\" data-e-action-hash=\"#elementor-action%3Aaction%3Dlightbox%26settings%3DeyJpZCI6MTEzMiwidXJsIjoiaHR0cHM6XC9cL2hvbHprdW5zdC1taXQtZnVua3Rpb24uZGVcL3dwLWNvbnRlbnRcL3VwbG9hZHNcLzIwMjBcLzA3XC9CUjAxLTItc2NhbGVkLmpwZyIsInNsaWRlc2hvdyI6ImJlZTIwMTgifQ%3D%3D\" href=\"https:\/\/holzkunst-mit-funktion.de\/wp-content\/uploads\/2020\/07\/BR01-2-scaled.jpg\"><figure class=\"swiper-slide-inner\"><img decoding=\"async\" class=\"swiper-slide-image\" src=\"https:\/\/holzkunst-mit-funktion.de\/wp-content\/uploads\/elementor\/thumbs\/BR01-2-scaled-qpst7bnnje6mqtxffke2634serrxuhbzqrota0axhc.jpg\" alt=\"BR01-2\" \/><\/figure><\/a><\/div><div class=\"swiper-slide\" role=\"group\" aria-roledescription=\"slide\" aria-label=\"3 von 3\"><a data-elementor-open-lightbox=\"yes\" data-elementor-lightbox-slideshow=\"bee2018\" data-elementor-lightbox-title=\"BR01-3\" data-e-action-hash=\"#elementor-action%3Aaction%3Dlightbox%26settings%3DeyJpZCI6MTEzMywidXJsIjoiaHR0cHM6XC9cL2hvbHprdW5zdC1taXQtZnVua3Rpb24uZGVcL3dwLWNvbnRlbnRcL3VwbG9hZHNcLzIwMjBcLzA3XC9CUjAxLTMtc2NhbGVkLmpwZyIsInNsaWRlc2hvdyI6ImJlZTIwMTgifQ%3D%3D\" href=\"https:\/\/holzkunst-mit-funktion.de\/wp-content\/uploads\/2020\/07\/BR01-3-scaled.jpg\"><figure class=\"swiper-slide-inner\"><img decoding=\"async\" class=\"swiper-slide-image\" src=\"https:\/\/holzkunst-mit-funktion.de\/wp-content\/uploads\/elementor\/thumbs\/BR01-3-scaled-qpst7bnnje6mqtxffke2634serrxuhbzqrota0axhc.jpg\" alt=\"BR01-3\" \/><\/figure><\/a><\/div>\t\t\t<\/div>\n\t\t\t\t\t\t\t\n\t\t\t\t\t\t\t\t\t<div class=\"swiper-pagination\"><\/div>\n\t\t\t\t\t\t\t\t\t<\/div>\n\t\t\t\t\t\t<\/div>\n\t\t\t\t<\/div>\n\t\t\t\t<section class=\"elementor-section elementor-inner-section elementor-element elementor-element-fb9adea elementor-section-boxed elementor-section-height-default elementor-section-height-default\" data-id=\"fb9adea\" data-element_type=\"section\" data-e-type=\"section\">\n\t\t\t\t\t\t<div class=\"elementor-container elementor-column-gap-default\">\n\t\t\t\t\t<div class=\"elementor-column elementor-col-50 elementor-inner-column elementor-element elementor-element-7b0dee6\" data-id=\"7b0dee6\" data-element_type=\"column\" data-e-type=\"column\">\n\t\t\t<div class=\"elementor-widget-wrap elementor-element-populated\">\n\t\t\t\t\t\t<div class=\"elementor-element elementor-element-5276cc7 elementor-widget elementor-widget-text-editor\" data-id=\"5276cc7\" data-element_type=\"widget\" data-e-type=\"widget\" data-widget_type=\"text-editor.default\">\n\t\t\t\t<div class=\"elementor-widget-container\">\n\t\t\t\t\t\t\t\t\t<p><span style=\"color: #ff6600;\"><span style=\"color: #339966;\">Verf\u00fcgbar<\/span><br \/><\/span><\/p>\t\t\t\t\t\t\t\t<\/div>\n\t\t\t\t<\/div>\n\t\t\t\t\t<\/div>\n\t\t<\/div>\n\t\t\t\t<div class=\"elementor-column elementor-col-50 elementor-inner-column elementor-element elementor-element-c6bc64d\" data-id=\"c6bc64d\" data-element_type=\"column\" data-e-type=\"column\">\n\t\t\t<div class=\"elementor-widget-wrap elementor-element-populated\">\n\t\t\t\t\t\t<div class=\"elementor-element elementor-element-b63e507 elementor-widget elementor-widget-text-editor\" data-id=\"b63e507\" data-element_type=\"widget\" data-e-type=\"widget\" data-widget_type=\"text-editor.default\">\n\t\t\t\t<div class=\"elementor-widget-container\">\n\t\t\t\t\t\t\t\t\t<p>Produkt-Code: BR001<\/p><p>Produkt-Info: <br \/>Holzst\u00fcck ca. 70x18cm<br \/>Bildgr\u00f6\u00dfe 10x15cm<\/p>\t\t\t\t\t\t\t\t<\/div>\n\t\t\t\t<\/div>\n\t\t\t\t\t<\/div>\n\t\t<\/div>\n\t\t\t\t\t<\/div>\n\t\t<\/section>\n\t\t\t\t<div class=\"elementor-element elementor-element-821aa69 elementor-widget-divider--view-line elementor-widget elementor-widget-divider\" data-id=\"821aa69\" data-element_type=\"widget\" data-e-type=\"widget\" data-widget_type=\"divider.default\">\n\t\t\t\t<div class=\"elementor-widget-container\">\n\t\t\t\t\t\t\t<div class=\"elementor-divider\">\n\t\t\t<span class=\"elementor-divider-separator\">\n\t\t\t\t\t\t<\/span>\n\t\t<\/div>\n\t\t\t\t\t\t<\/div>\n\t\t\t\t<\/div>\n\t\t\t\t\t<\/div>\n\t\t<\/div>\n\t\t\t\t\t<\/div>\n\t\t<\/section>\n\t\t\t\t<section class=\"elementor-section elementor-top-section elementor-element elementor-element-648deaf elementor-section-boxed elementor-section-height-default elementor-section-height-default\" data-id=\"648deaf\" data-element_type=\"section\" data-e-type=\"section\">\n\t\t\t\t\t\t<div class=\"elementor-container elementor-column-gap-default\">\n\t\t\t\t\t<div class=\"elementor-column elementor-col-100 elementor-top-column elementor-element elementor-element-319523d\" data-id=\"319523d\" data-element_type=\"column\" data-e-type=\"column\">\n\t\t\t<div class=\"elementor-widget-wrap elementor-element-populated\">\n\t\t\t\t\t\t<div class=\"elementor-element elementor-element-4ea852a elementor-widget elementor-widget-text-editor\" data-id=\"4ea852a\" data-element_type=\"widget\" data-e-type=\"widget\" data-widget_type=\"text-editor.default\">\n\t\t\t\t<div class=\"elementor-widget-container\">\n\t\t\t\t\t\t\t\t\t<p><span style=\"color: #ff6600;\">\u00a0<\/span><\/p>\t\t\t\t\t\t\t\t<\/div>\n\t\t\t\t<\/div>\n\t\t\t\t<div class=\"elementor-element elementor-element-4ae9d75 elementor-widget elementor-widget-text-editor\" data-id=\"4ae9d75\" data-element_type=\"widget\" data-e-type=\"widget\" data-widget_type=\"text-editor.default\">\n\t\t\t\t<div class=\"elementor-widget-container\">\n\t\t\t\t\t\t\t\t\t<p>Ganz schlicht und ganz besonders. Die Jahresringe bilden eine Art H\u00fcgel mit goldener Fl\u00e4che. Die Blattgold Applikation reflektiert und verst\u00e4rkt damit das Kerzenlicht. Der Baumsplitter ist nahezu unbearbeitet am Bodensee gefunden worden, genauso wie der rustikale Ast, der zur Aufnahme eines Teelichts oder Stabkerze eingearbeitet wurde. <\/p>\t\t\t\t\t\t\t\t<\/div>\n\t\t\t\t<\/div>\n\t\t\t\t<div class=\"elementor-element elementor-element-4e9f99c elementor-pagination-position-outside elementor-widget elementor-widget-image-carousel\" data-id=\"4e9f99c\" data-element_type=\"widget\" data-e-type=\"widget\" data-settings=\"{&quot;slides_to_show&quot;:&quot;1&quot;,&quot;navigation&quot;:&quot;dots&quot;,&quot;autoplay&quot;:&quot;no&quot;,&quot;effect&quot;:&quot;fade&quot;,&quot;speed&quot;:1500,&quot;infinite&quot;:&quot;yes&quot;}\" data-widget_type=\"image-carousel.default\">\n\t\t\t\t<div class=\"elementor-widget-container\">\n\t\t\t\t\t\t\t<div class=\"elementor-image-carousel-wrapper swiper\" role=\"region\" aria-roledescription=\"carousel\" aria-label=\"Bild Karussell\" dir=\"ltr\">\n\t\t\t<div class=\"elementor-image-carousel swiper-wrapper\" aria-live=\"polite\">\n\t\t\t\t\t\t\t\t<div class=\"swiper-slide\" role=\"group\" aria-roledescription=\"slide\" aria-label=\"1 von 3\"><a data-elementor-open-lightbox=\"yes\" data-elementor-lightbox-slideshow=\"4e9f99c\" data-elementor-lightbox-title=\"Kerze001-1\" data-e-action-hash=\"#elementor-action%3Aaction%3Dlightbox%26settings%3DeyJpZCI6MTMzOCwidXJsIjoiaHR0cHM6XC9cL2hvbHprdW5zdC1taXQtZnVua3Rpb24uZGVcL3dwLWNvbnRlbnRcL3VwbG9hZHNcLzIwMjFcLzAxXC9LZXJ6ZTAwMS0xLmpwZyIsInNsaWRlc2hvdyI6IjRlOWY5OWMifQ%3D%3D\" href=\"https:\/\/holzkunst-mit-funktion.de\/wp-content\/uploads\/2021\/01\/Kerze001-1.jpg\"><figure class=\"swiper-slide-inner\"><img decoding=\"async\" class=\"swiper-slide-image\" src=\"https:\/\/holzkunst-mit-funktion.de\/wp-content\/uploads\/elementor\/thumbs\/Kerze001-1-qpst7bnnje6mqtxffke2634serrxuhbzqrota0axhc.jpg\" alt=\"Kerze001-1\" \/><\/figure><\/a><\/div><div class=\"swiper-slide\" role=\"group\" aria-roledescription=\"slide\" aria-label=\"2 von 3\"><a data-elementor-open-lightbox=\"yes\" data-elementor-lightbox-slideshow=\"4e9f99c\" data-elementor-lightbox-title=\"Kerze001-4\" data-e-action-hash=\"#elementor-action%3Aaction%3Dlightbox%26settings%3DeyJpZCI6MTMzOSwidXJsIjoiaHR0cHM6XC9cL2hvbHprdW5zdC1taXQtZnVua3Rpb24uZGVcL3dwLWNvbnRlbnRcL3VwbG9hZHNcLzIwMjFcLzAxXC9LZXJ6ZTAwMS00LmpwZyIsInNsaWRlc2hvdyI6IjRlOWY5OWMifQ%3D%3D\" href=\"https:\/\/holzkunst-mit-funktion.de\/wp-content\/uploads\/2021\/01\/Kerze001-4.jpg\"><figure class=\"swiper-slide-inner\"><img decoding=\"async\" class=\"swiper-slide-image\" src=\"https:\/\/holzkunst-mit-funktion.de\/wp-content\/uploads\/elementor\/thumbs\/Kerze001-4-qpst7bnnje6mqtxffke2634serrxuhbzqrota0axhc.jpg\" alt=\"Kerze001-4\" \/><\/figure><\/a><\/div><div class=\"swiper-slide\" role=\"group\" aria-roledescription=\"slide\" aria-label=\"3 von 3\"><a data-elementor-open-lightbox=\"yes\" data-elementor-lightbox-slideshow=\"4e9f99c\" data-elementor-lightbox-title=\"Kerze001-5\" data-e-action-hash=\"#elementor-action%3Aaction%3Dlightbox%26settings%3DeyJpZCI6MTM0MCwidXJsIjoiaHR0cHM6XC9cL2hvbHprdW5zdC1taXQtZnVua3Rpb24uZGVcL3dwLWNvbnRlbnRcL3VwbG9hZHNcLzIwMjFcLzAxXC9LZXJ6ZTAwMS01LmpwZyIsInNsaWRlc2hvdyI6IjRlOWY5OWMifQ%3D%3D\" href=\"https:\/\/holzkunst-mit-funktion.de\/wp-content\/uploads\/2021\/01\/Kerze001-5.jpg\"><figure class=\"swiper-slide-inner\"><img decoding=\"async\" class=\"swiper-slide-image\" src=\"https:\/\/holzkunst-mit-funktion.de\/wp-content\/uploads\/elementor\/thumbs\/Kerze001-5-qpst7bnnje6mqtxffke2634serrxuhbzqrota0axhc.jpg\" alt=\"Kerze001-5\" \/><\/figure><\/a><\/div>\t\t\t<\/div>\n\t\t\t\t\t\t\t\n\t\t\t\t\t\t\t\t\t<div class=\"swiper-pagination\"><\/div>\n\t\t\t\t\t\t\t\t\t<\/div>\n\t\t\t\t\t\t<\/div>\n\t\t\t\t<\/div>\n\t\t\t\t<section class=\"elementor-section elementor-inner-section elementor-element elementor-element-5bec9c5 elementor-section-boxed elementor-section-height-default elementor-section-height-default\" data-id=\"5bec9c5\" data-element_type=\"section\" data-e-type=\"section\">\n\t\t\t\t\t\t<div class=\"elementor-container elementor-column-gap-default\">\n\t\t\t\t\t<div class=\"elementor-column elementor-col-50 elementor-inner-column elementor-element elementor-element-6fafa4c\" data-id=\"6fafa4c\" data-element_type=\"column\" data-e-type=\"column\">\n\t\t\t<div class=\"elementor-widget-wrap elementor-element-populated\">\n\t\t\t\t\t\t<div class=\"elementor-element elementor-element-09ea932 elementor-widget elementor-widget-text-editor\" data-id=\"09ea932\" data-element_type=\"widget\" data-e-type=\"widget\" data-widget_type=\"text-editor.default\">\n\t\t\t\t<div class=\"elementor-widget-container\">\n\t\t\t\t\t\t\t\t\t<p><span style=\"color: #ff6600;\"><span style=\"color: #339966;\">Verf\u00fcgbar<\/span><\/span><\/p>\t\t\t\t\t\t\t\t<\/div>\n\t\t\t\t<\/div>\n\t\t\t\t\t<\/div>\n\t\t<\/div>\n\t\t\t\t<div class=\"elementor-column elementor-col-50 elementor-inner-column elementor-element elementor-element-36b5fee\" data-id=\"36b5fee\" data-element_type=\"column\" data-e-type=\"column\">\n\t\t\t<div class=\"elementor-widget-wrap elementor-element-populated\">\n\t\t\t\t\t\t<div class=\"elementor-element elementor-element-bffb6d5 elementor-widget elementor-widget-text-editor\" data-id=\"bffb6d5\" data-element_type=\"widget\" data-e-type=\"widget\" data-widget_type=\"text-editor.default\">\n\t\t\t\t<div class=\"elementor-widget-container\">\n\t\t\t\t\t\t\t\t\t<p>Produkt-Code: Kerze001<\/p><p>Produkt-Info: Ma\u00dfe 45x17x13cm, Aufnahme von Teelichtern oder Stabkerzen bis 25mm Durchmesser (Kerze nicht enthalten)<\/p>\t\t\t\t\t\t\t\t<\/div>\n\t\t\t\t<\/div>\n\t\t\t\t\t<\/div>\n\t\t<\/div>\n\t\t\t\t\t<\/div>\n\t\t<\/section>\n\t\t\t\t<div class=\"elementor-element elementor-element-1828fce elementor-widget-divider--view-line elementor-widget elementor-widget-divider\" data-id=\"1828fce\" data-element_type=\"widget\" data-e-type=\"widget\" data-widget_type=\"divider.default\">\n\t\t\t\t<div class=\"elementor-widget-container\">\n\t\t\t\t\t\t\t<div class=\"elementor-divider\">\n\t\t\t<span class=\"elementor-divider-separator\">\n\t\t\t\t\t\t<\/span>\n\t\t<\/div>\n\t\t\t\t\t\t<\/div>\n\t\t\t\t<\/div>\n\t\t\t\t\t<\/div>\n\t\t<\/div>\n\t\t\t\t\t<\/div>\n\t\t<\/section>\n\t\t\t\t<\/div>\n\t\t","protected":false},"excerpt":{"rendered":"<p>\u00a0 Alle Liebsten an einem Platz. Das schlichte naturbelassene Treibholz kann 4 Bilder mit einer gr\u00f6\u00dfe von ca. 6&#215;6 cm aufnehmen. Mit der schlanken Form findet sich daf\u00fcr an jeder Wand ein geeigneter Platz. Verf\u00fcgbar Produkt-Code: BR002 Produkt-Info: Holzst\u00fcck: ca. 60&#215;15 cm, Bildgr\u00f6\u00dfe: 4 Fotos bis zu 6&#215;6 cm. Der Bilderrahmen wurde aus einem St\u00fcck <a class=\"more-link\" href=\"https:\/\/holzkunst-mit-funktion.de\/index.php\/portfolio\/holzkunst\/accessoires\/\">Weiterlesen\u00a0\u2026<\/a><\/p>\n","protected":false},"author":1,"featured_media":0,"parent":920,"menu_order":0,"comment_status":"closed","ping_status":"closed","template":"","meta":{"footnotes":""},"class_list":["post-1092","page","type-page","status-publish","hentry"],"_links":{"self":[{"href":"https:\/\/holzkunst-mit-funktion.de\/index.php\/wp-json\/wp\/v2\/pages\/1092","targetHints":{"allow":["GET"]}}],"collection":[{"href":"https:\/\/holzkunst-mit-funktion.de\/index.php\/wp-json\/wp\/v2\/pages"}],"about":[{"href":"https:\/\/holzkunst-mit-funktion.de\/index.php\/wp-json\/wp\/v2\/types\/page"}],"author":[{"embeddable":true,"href":"https:\/\/holzkunst-mit-funktion.de\/index.php\/wp-json\/wp\/v2\/users\/1"}],"replies":[{"embeddable":true,"href":"https:\/\/holzkunst-mit-funktion.de\/index.php\/wp-json\/wp\/v2\/comments?post=1092"}],"version-history":[{"count":38,"href":"https:\/\/holzkunst-mit-funktion.de\/index.php\/wp-json\/wp\/v2\/pages\/1092\/revisions"}],"predecessor-version":[{"id":1463,"href":"https:\/\/holzkunst-mit-funktion.de\/index.php\/wp-json\/wp\/v2\/pages\/1092\/revisions\/1463"}],"up":[{"embeddable":true,"href":"https:\/\/holzkunst-mit-funktion.de\/index.php\/wp-json\/wp\/v2\/pages\/920"}],"wp:attachment":[{"href":"https:\/\/holzkunst-mit-funktion.de\/index.php\/wp-json\/wp\/v2\/media?parent=1092"}],"curies":[{"name":"wp","href":"https:\/\/api.w.org\/{rel}","templated":true}]}}