{"id":188,"date":"2019-12-25T18:46:43","date_gmt":"2019-12-25T17:46:43","guid":{"rendered":"https:\/\/holzkunst-mit-funktion.de\/?page_id=188"},"modified":"2022-11-07T17:40:55","modified_gmt":"2022-11-07T16:40:55","slug":"impressum","status":"publish","type":"page","link":"https:\/\/holzkunst-mit-funktion.de\/index.php\/impressum\/","title":{"rendered":"Impressum"},"content":{"rendered":"\t\t<div data-elementor-type=\"wp-page\" data-elementor-id=\"188\" class=\"elementor elementor-188\">\n\t\t\t\t\t\t<section class=\"elementor-section elementor-top-section elementor-element elementor-element-3ae2d85b elementor-section-boxed elementor-section-height-default elementor-section-height-default\" data-id=\"3ae2d85b\" data-element_type=\"section\" data-e-type=\"section\">\n\t\t\t\t\t\t<div class=\"elementor-container elementor-column-gap-default\">\n\t\t\t\t\t<div class=\"elementor-column elementor-col-100 elementor-top-column elementor-element elementor-element-e8dbffa\" data-id=\"e8dbffa\" data-element_type=\"column\" data-e-type=\"column\">\n\t\t\t<div class=\"elementor-widget-wrap elementor-element-populated\">\n\t\t\t\t\t\t<div class=\"elementor-element elementor-element-22c3ea5f elementor-widget elementor-widget-text-editor\" data-id=\"22c3ea5f\" data-element_type=\"widget\" data-e-type=\"widget\" data-widget_type=\"text-editor.default\">\n\t\t\t\t<div class=\"elementor-widget-container\">\n\t\t\t\t\t\t\t\t\t\n<p><strong>Angaben gem\u00e4\u00df \u00a75TMG<\/strong><\/p>\n\n<p>Martin Jerchel<br \/>Landrichter-von-Br\u00fcck-Str. 17<br \/>89331 Burgau<\/p>\n\n<p><strong>Kontakt:<\/strong><br \/>Telefon: +49-(0)160-63 52 654<br \/>Mail: mjdesign@mail.de<\/p>\n\n<p><strong>Rechtliche Hinweise zur Webseite<\/strong><\/p>\n\n<p>Alle Texte, Bilder und weiter hier ver\u00f6ffentlichten Informationen unterliegen dem Urheberrecht des Anbieters, soweit nicht Urheberrechte Dritter bestehen. In jedem Fall ist eine Vervielf\u00e4ltigung, Verbreitung oder \u00f6ffentliche Wiedergabe ausschlie\u00dflich im Falle einer widerruflichen und nicht \u00fcbertragbaren Zustimmung des Anbieters gestattet.<\/p>\n\n<p>Haftungshinweis: Trotz sorgf\u00e4ltiger inhaltlicher Kontrolle bei Einrichtung \u00fcbernehmen wir<br \/>keine Haftung f\u00fcr die Inhalte externer Links. F\u00fcr den Inhalt der verlinkten<br \/>Seiten sind ausschlie\u00dflich deren Betreiber verantwortlich.<\/p>\n\t\t\t\t\t\t\t\t<\/div>\n\t\t\t\t<\/div>\n\t\t\t\t\t<\/div>\n\t\t<\/div>\n\t\t\t\t\t<\/div>\n\t\t<\/section>\n\t\t\t\t<\/div>\n\t\t","protected":false},"excerpt":{"rendered":"<p>Angaben gem\u00e4\u00df \u00a75TMG Martin JerchelLandrichter-von-Br\u00fcck-Str. 1789331 Burgau Kontakt:Telefon: +49-(0)160-63 52 654Mail: mjdesign@mail.de Rechtliche Hinweise zur Webseite Alle Texte, Bilder und weiter hier ver\u00f6ffentlichten Informationen unterliegen dem Urheberrecht des Anbieters, soweit nicht Urheberrechte Dritter bestehen. In jedem Fall ist eine Vervielf\u00e4ltigung, Verbreitung oder \u00f6ffentliche Wiedergabe ausschlie\u00dflich im Falle einer widerruflichen und nicht \u00fcbertragbaren Zustimmung des Anbieters <a class=\"more-link\" href=\"https:\/\/holzkunst-mit-funktion.de\/index.php\/impressum\/\">Weiterlesen\u00a0\u2026<\/a><\/p>\n","protected":false},"author":1,"featured_media":0,"parent":0,"menu_order":0,"comment_status":"closed","ping_status":"closed","template":"","meta":{"footnotes":""},"class_list":["post-188","page","type-page","status-publish","hentry"],"_links":{"self":[{"href":"https:\/\/holzkunst-mit-funktion.de\/index.php\/wp-json\/wp\/v2\/pages\/188","targetHints":{"allow":["GET"]}}],"collection":[{"href":"https:\/\/holzkunst-mit-funktion.de\/index.php\/wp-json\/wp\/v2\/pages"}],"about":[{"href":"https:\/\/holzkunst-mit-funktion.de\/index.php\/wp-json\/wp\/v2\/types\/page"}],"author":[{"embeddable":true,"href":"https:\/\/holzkunst-mit-funktion.de\/index.php\/wp-json\/wp\/v2\/users\/1"}],"replies":[{"embeddable":true,"href":"https:\/\/holzkunst-mit-funktion.de\/index.php\/wp-json\/wp\/v2\/comments?post=188"}],"version-history":[{"count":9,"href":"https:\/\/holzkunst-mit-funktion.de\/index.php\/wp-json\/wp\/v2\/pages\/188\/revisions"}],"predecessor-version":[{"id":1454,"href":"https:\/\/holzkunst-mit-funktion.de\/index.php\/wp-json\/wp\/v2\/pages\/188\/revisions\/1454"}],"wp:attachment":[{"href":"https:\/\/holzkunst-mit-funktion.de\/index.php\/wp-json\/wp\/v2\/media?parent=188"}],"curies":[{"name":"wp","href":"https:\/\/api.w.org\/{rel}","templated":true}]}}