{"id":19,"date":"2019-11-19T20:29:00","date_gmt":"2019-11-19T19:29:00","guid":{"rendered":"https:\/\/holzkunst-mit-funktion.de\/?page_id=19"},"modified":"2022-01-11T17:10:28","modified_gmt":"2022-01-11T16:10:28","slug":"ueber-uns","status":"publish","type":"page","link":"https:\/\/holzkunst-mit-funktion.de\/index.php\/ueber-uns\/","title":{"rendered":"\u00dcber mich"},"content":{"rendered":"\t\t<div data-elementor-type=\"wp-page\" data-elementor-id=\"19\" class=\"elementor elementor-19\">\n\t\t\t\t\t\t<section class=\"elementor-section elementor-top-section elementor-element elementor-element-22f39f6 elementor-section-boxed elementor-section-height-default elementor-section-height-default\" data-id=\"22f39f6\" data-element_type=\"section\" data-e-type=\"section\">\n\t\t\t\t\t\t<div class=\"elementor-container elementor-column-gap-default\">\n\t\t\t\t\t<div class=\"elementor-column elementor-col-100 elementor-top-column elementor-element elementor-element-6f25466\" data-id=\"6f25466\" data-element_type=\"column\" data-e-type=\"column\">\n\t\t\t<div class=\"elementor-widget-wrap elementor-element-populated\">\n\t\t\t\t\t\t<div class=\"elementor-element elementor-element-5e2ee62 elementor-widget elementor-widget-text-editor\" data-id=\"5e2ee62\" data-element_type=\"widget\" data-e-type=\"widget\" data-widget_type=\"text-editor.default\">\n\t\t\t\t<div class=\"elementor-widget-container\">\n\t\t\t\t\t\t\t\t\t<p>Ich hei\u00dfe Martin Jerchel und lebe seit 2021 in Burgau. Hier im schw\u00e4bischen Barockwinkel genau zwischen M\u00fcnchen und Stuttgart wohne ich mit meiner Familie und freue mich \u00fcber die N\u00e4he zur Natur, nachdem ich lange Zeit in der bayrischen Metropole M\u00fcnchen gelebt habe. Mit dem Umzug konnte ich mir auch den Traum einer gr\u00f6\u00dferen Werkstatt erf\u00fcllen.<\/p>\t\t\t\t\t\t\t\t<\/div>\n\t\t\t\t<\/div>\n\t\t\t\t\t<\/div>\n\t\t<\/div>\n\t\t\t\t\t<\/div>\n\t\t<\/section>\n\t\t\t\t<section class=\"elementor-section elementor-top-section elementor-element elementor-element-f669f98 elementor-section-boxed elementor-section-height-default elementor-section-height-default\" data-id=\"f669f98\" data-element_type=\"section\" data-e-type=\"section\">\n\t\t\t\t\t\t<div class=\"elementor-container elementor-column-gap-default\">\n\t\t\t\t\t<div class=\"elementor-column elementor-col-100 elementor-top-column elementor-element elementor-element-4c5301c\" data-id=\"4c5301c\" data-element_type=\"column\" data-e-type=\"column\">\n\t\t\t<div class=\"elementor-widget-wrap elementor-element-populated\">\n\t\t\t\t\t\t<div class=\"elementor-element elementor-element-87f61c7 elementor-widget elementor-widget-image\" data-id=\"87f61c7\" data-element_type=\"widget\" data-e-type=\"widget\" data-widget_type=\"image.default\">\n\t\t\t\t<div class=\"elementor-widget-container\">\n\t\t\t\t\t\t\t\t\t\t\t\t\t\t\t<img decoding=\"async\" src=\"https:\/\/holzkunst-mit-funktion.de\/wp-content\/uploads\/elementor\/thumbs\/\u00dcbermich6-qpst7clmln8jd4gex258exrlowg087hy8p8h49fvww.jpg\" title=\"\u00dcbermich6\" alt=\"\u00dcbermich6\" loading=\"lazy\" \/>\t\t\t\t\t\t\t\t\t\t\t\t\t\t\t<\/div>\n\t\t\t\t<\/div>\n\t\t\t\t\t<\/div>\n\t\t<\/div>\n\t\t\t\t\t<\/div>\n\t\t<\/section>\n\t\t\t\t<section class=\"elementor-section elementor-top-section elementor-element elementor-element-d033744 elementor-section-boxed elementor-section-height-default elementor-section-height-default\" data-id=\"d033744\" data-element_type=\"section\" data-e-type=\"section\">\n\t\t\t\t\t\t<div class=\"elementor-container elementor-column-gap-default\">\n\t\t\t\t\t<div class=\"elementor-column elementor-col-100 elementor-top-column elementor-element elementor-element-4679ea7\" data-id=\"4679ea7\" data-element_type=\"column\" data-e-type=\"column\">\n\t\t\t<div class=\"elementor-widget-wrap elementor-element-populated\">\n\t\t\t\t\t\t<div class=\"elementor-element elementor-element-970adc0 elementor-widget elementor-widget-text-editor\" data-id=\"970adc0\" data-element_type=\"widget\" data-e-type=\"widget\" data-widget_type=\"text-editor.default\">\n\t\t\t\t<div class=\"elementor-widget-container\">\n\t\t\t\t\t\t\t\t\t<p>Meine Leidenschaft zum Werkstoff Holz ist schon lange Zeit vorhanden. Immer gab es was zu basteln und immer habe ich die Aufgaben am liebsten mit Holz gel\u00f6st. Ab 2016 habe ich mit klassischen Holzbearbeitungskursen eine fundierte Basis f\u00fcr meine Arbeiten gelegt. <\/p>\t\t\t\t\t\t\t\t<\/div>\n\t\t\t\t<\/div>\n\t\t\t\t\t<\/div>\n\t\t<\/div>\n\t\t\t\t\t<\/div>\n\t\t<\/section>\n\t\t\t\t<section class=\"elementor-section elementor-top-section elementor-element elementor-element-89964bf elementor-section-full_width elementor-section-content-middle elementor-section-height-default elementor-section-height-default\" data-id=\"89964bf\" data-element_type=\"section\" data-e-type=\"section\">\n\t\t\t\t\t\t<div class=\"elementor-container elementor-column-gap-no\">\n\t\t\t\t\t<div class=\"elementor-column elementor-col-100 elementor-top-column elementor-element elementor-element-39c4a86\" data-id=\"39c4a86\" data-element_type=\"column\" data-e-type=\"column\">\n\t\t\t<div class=\"elementor-widget-wrap elementor-element-populated\">\n\t\t\t\t\t\t<div class=\"elementor-element elementor-element-a953554 elementor-widget__width-initial elementor-widget elementor-widget-video\" data-id=\"a953554\" data-element_type=\"widget\" data-e-type=\"widget\" data-settings=\"{&quot;video_type&quot;:&quot;hosted&quot;,&quot;_animation&quot;:&quot;none&quot;,&quot;start&quot;:0,&quot;end&quot;:77,&quot;controls&quot;:&quot;yes&quot;}\" data-widget_type=\"video.default\">\n\t\t\t\t<div class=\"elementor-widget-container\">\n\t\t\t\t\t\t\t<div class=\"e-hosted-video elementor-wrapper elementor-open-inline\">\n\t\t\t\t\t<video class=\"elementor-video\" src=\"https:\/\/holzkunst-mit-funktion.de\/wp-content\/uploads\/2020\/01\/XiaoYing_Video_1506851704969.mp4#t=,77\" controls=\"\" preload=\"metadata\" controlsList=\"nodownload\" poster=\"https:\/\/holzkunst-mit-funktion.de\/wp-content\/uploads\/2020\/02\/wiege-wallpaper-scaled.jpg\"><\/video>\n\t\t\t\t<\/div>\n\t\t\t\t\t\t<\/div>\n\t\t\t\t<\/div>\n\t\t\t\t\t<\/div>\n\t\t<\/div>\n\t\t\t\t\t<\/div>\n\t\t<\/section>\n\t\t\t\t<section class=\"elementor-section elementor-top-section elementor-element elementor-element-3dc14e1 elementor-section-boxed elementor-section-height-default elementor-section-height-default\" data-id=\"3dc14e1\" data-element_type=\"section\" data-e-type=\"section\">\n\t\t\t\t\t\t<div class=\"elementor-container elementor-column-gap-default\">\n\t\t\t\t\t<div class=\"elementor-column elementor-col-100 elementor-top-column elementor-element elementor-element-8a3b633\" data-id=\"8a3b633\" data-element_type=\"column\" data-e-type=\"column\">\n\t\t\t<div class=\"elementor-widget-wrap elementor-element-populated\">\n\t\t\t\t\t\t<div class=\"elementor-element elementor-element-3eac831 elementor-widget elementor-widget-text-editor\" data-id=\"3eac831\" data-element_type=\"widget\" data-e-type=\"widget\" data-widget_type=\"text-editor.default\">\n\t\t\t\t<div class=\"elementor-widget-container\">\n\t\t\t\t\t\t\t\t\t<p>Nach einigen kleineren Projekten habe ich f\u00fcr meine Tochter mein bisheriges Glanzst\u00fcck hergestellt. F\u00fcr die Wiege habe ich vom Design \u00fcber die Roh-Holzbeschaffung (Zirbe) in S\u00fcdtirol bis zum fertigen Werkst\u00fcck alles selbst organisiert und bearbeitet. Danach war es im Jahr 2018 an der Zeit mein eigenes Label &#8218;MJDesign&#8216; zu gr\u00fcnden. Meine &#8218;Kunstobjekte mit Funktion&#8216; kann man auf dieser Seite sehen oder auch auf M\u00e4rkten f\u00fcr Kunsthandwerk.<\/p>\t\t\t\t\t\t\t\t<\/div>\n\t\t\t\t<\/div>\n\t\t\t\t\t<\/div>\n\t\t<\/div>\n\t\t\t\t\t<\/div>\n\t\t<\/section>\n\t\t\t\t<section class=\"elementor-section elementor-top-section elementor-element elementor-element-5cd6111 elementor-section-boxed elementor-section-height-default elementor-section-height-default\" data-id=\"5cd6111\" data-element_type=\"section\" data-e-type=\"section\">\n\t\t\t\t\t\t<div class=\"elementor-container elementor-column-gap-default\">\n\t\t\t\t\t<div class=\"elementor-column elementor-col-100 elementor-top-column elementor-element elementor-element-c776141\" data-id=\"c776141\" data-element_type=\"column\" data-e-type=\"column\">\n\t\t\t<div class=\"elementor-widget-wrap elementor-element-populated\">\n\t\t\t\t\t\t<div class=\"elementor-element elementor-element-51a2019 elementor-widget elementor-widget-image\" data-id=\"51a2019\" data-element_type=\"widget\" data-e-type=\"widget\" data-widget_type=\"image.default\">\n\t\t\t\t<div class=\"elementor-widget-container\">\n\t\t\t\t\t\t\t\t\t\t\t\t\t\t\t<img decoding=\"async\" src=\"https:\/\/holzkunst-mit-funktion.de\/wp-content\/uploads\/elementor\/thumbs\/\u00dcbermich3-scaled-qpst7clnti38thzao9q8nfy09mgfzimeifszdi0w3s.jpg\" title=\"\u00dcbermich3\" alt=\"\u00dcbermich3\" loading=\"lazy\" \/>\t\t\t\t\t\t\t\t\t\t\t\t\t\t\t<\/div>\n\t\t\t\t<\/div>\n\t\t\t\t\t<\/div>\n\t\t<\/div>\n\t\t\t\t\t<\/div>\n\t\t<\/section>\n\t\t\t\t<section class=\"elementor-section elementor-top-section elementor-element elementor-element-61b19c0 elementor-section-boxed elementor-section-height-default elementor-section-height-default\" data-id=\"61b19c0\" data-element_type=\"section\" data-e-type=\"section\">\n\t\t\t\t\t\t<div class=\"elementor-container elementor-column-gap-default\">\n\t\t\t\t\t<div class=\"elementor-column elementor-col-100 elementor-top-column elementor-element elementor-element-ccdcbe8\" data-id=\"ccdcbe8\" data-element_type=\"column\" data-e-type=\"column\">\n\t\t\t<div class=\"elementor-widget-wrap elementor-element-populated\">\n\t\t\t\t\t\t<div class=\"elementor-element elementor-element-bde1ee2 elementor-widget elementor-widget-text-editor\" data-id=\"bde1ee2\" data-element_type=\"widget\" data-e-type=\"widget\" data-widget_type=\"text-editor.default\">\n\t\t\t\t<div class=\"elementor-widget-container\">\n\t\t\t\t\t\t\t\t\t<p>Schnell wurde mir klar, dass mich zum einen au\u00dfergew\u00f6hnliche (Treib-)Holzformen faszinieren, zum anderen m\u00f6chte ich im Sinne des Upcycling auch eine praktische Funktion mit dem Design verbinden.<br \/>Das Holz finde ich bei ausgedehnten Exkursionen zu den Flussauen und Seeufern des Voralpenlandes.<\/p>\t\t\t\t\t\t\t\t<\/div>\n\t\t\t\t<\/div>\n\t\t\t\t\t<\/div>\n\t\t<\/div>\n\t\t\t\t\t<\/div>\n\t\t<\/section>\n\t\t\t\t<section class=\"elementor-section elementor-top-section elementor-element elementor-element-58c9705 elementor-section-boxed elementor-section-height-default elementor-section-height-default\" data-id=\"58c9705\" data-element_type=\"section\" data-e-type=\"section\">\n\t\t\t\t\t\t<div class=\"elementor-container elementor-column-gap-default\">\n\t\t\t\t\t<div class=\"elementor-column elementor-col-100 elementor-top-column elementor-element elementor-element-bbaafcb\" data-id=\"bbaafcb\" data-element_type=\"column\" data-e-type=\"column\">\n\t\t\t<div class=\"elementor-widget-wrap elementor-element-populated\">\n\t\t\t\t\t\t<div class=\"elementor-element elementor-element-ac8e769 elementor-widget elementor-widget-image\" data-id=\"ac8e769\" data-element_type=\"widget\" data-e-type=\"widget\" data-widget_type=\"image.default\">\n\t\t\t\t<div class=\"elementor-widget-container\">\n\t\t\t\t\t\t\t\t\t\t\t\t\t\t\t<img decoding=\"async\" src=\"https:\/\/holzkunst-mit-funktion.de\/wp-content\/uploads\/elementor\/thumbs\/bermich2-scaled-e1580058393382-qpst7bntmo1yhw0ntrbm2y6jo8l2rtio6b5hw82aa0.jpg\" title=\"\u00dcbermich2\" alt=\"\u00dcbermich2\" loading=\"lazy\" \/>\t\t\t\t\t\t\t\t\t\t\t\t\t\t\t<\/div>\n\t\t\t\t<\/div>\n\t\t\t\t\t<\/div>\n\t\t<\/div>\n\t\t\t\t\t<\/div>\n\t\t<\/section>\n\t\t\t\t<section class=\"elementor-section elementor-top-section elementor-element elementor-element-35d3886 elementor-section-boxed elementor-section-height-default elementor-section-height-default\" data-id=\"35d3886\" data-element_type=\"section\" data-e-type=\"section\">\n\t\t\t\t\t\t<div class=\"elementor-container elementor-column-gap-default\">\n\t\t\t\t\t<div class=\"elementor-column elementor-col-100 elementor-top-column elementor-element elementor-element-9637381\" data-id=\"9637381\" data-element_type=\"column\" data-e-type=\"column\">\n\t\t\t<div class=\"elementor-widget-wrap elementor-element-populated\">\n\t\t\t\t\t\t<div class=\"elementor-element elementor-element-670f3f8 elementor-widget elementor-widget-text-editor\" data-id=\"670f3f8\" data-element_type=\"widget\" data-e-type=\"widget\" data-widget_type=\"text-editor.default\">\n\t\t\t\t<div class=\"elementor-widget-container\">\n\t\t\t\t\t\t\t\t\t<p>Wenn sich die Gelegenheit ergibt, dann reisen die Fundst\u00fccke auch aus Urlaubsorten mit nach M\u00fcnchen. So habe ich schon tolle Treibholz Funde aus S\u00fcdtirol, Sardinien und S\u00fcdfrankreich mitgebracht.<\/p>\t\t\t\t\t\t\t\t<\/div>\n\t\t\t\t<\/div>\n\t\t\t\t\t<\/div>\n\t\t<\/div>\n\t\t\t\t\t<\/div>\n\t\t<\/section>\n\t\t\t\t<section class=\"elementor-section elementor-top-section elementor-element elementor-element-02f101e elementor-section-full_width elementor-section-height-default elementor-section-height-default\" data-id=\"02f101e\" data-element_type=\"section\" data-e-type=\"section\">\n\t\t\t\t\t\t<div class=\"elementor-container elementor-column-gap-default\">\n\t\t\t\t\t<div class=\"elementor-column elementor-col-100 elementor-top-column elementor-element elementor-element-66b8280\" data-id=\"66b8280\" data-element_type=\"column\" data-e-type=\"column\">\n\t\t\t<div class=\"elementor-widget-wrap elementor-element-populated\">\n\t\t\t\t\t\t<div class=\"elementor-element elementor-element-bb1ef3b elementor-widget elementor-widget-image\" data-id=\"bb1ef3b\" data-element_type=\"widget\" data-e-type=\"widget\" data-widget_type=\"image.default\">\n\t\t\t\t<div class=\"elementor-widget-container\">\n\t\t\t\t\t\t\t\t\t\t\t\t\t\t\t<img decoding=\"async\" src=\"https:\/\/holzkunst-mit-funktion.de\/wp-content\/uploads\/elementor\/thumbs\/\u00dcbermich7-scaled-qpst7clnti38thzao9q8nfy09mgfzimeifszdi0w3s.jpg\" title=\"\u00dcbermich7\" alt=\"\u00dcbermich7\" loading=\"lazy\" \/>\t\t\t\t\t\t\t\t\t\t\t\t\t\t\t<\/div>\n\t\t\t\t<\/div>\n\t\t\t\t\t<\/div>\n\t\t<\/div>\n\t\t\t\t\t<\/div>\n\t\t<\/section>\n\t\t\t\t<section class=\"elementor-section elementor-top-section elementor-element elementor-element-2ef58d0 elementor-section-boxed elementor-section-height-default elementor-section-height-default\" data-id=\"2ef58d0\" data-element_type=\"section\" data-e-type=\"section\">\n\t\t\t\t\t\t<div class=\"elementor-container elementor-column-gap-default\">\n\t\t\t\t\t<div class=\"elementor-column elementor-col-100 elementor-top-column elementor-element elementor-element-1e3685a\" data-id=\"1e3685a\" data-element_type=\"column\" data-e-type=\"column\">\n\t\t\t<div class=\"elementor-widget-wrap elementor-element-populated\">\n\t\t\t\t\t\t<div class=\"elementor-element elementor-element-5211f2c elementor-widget elementor-widget-text-editor\" data-id=\"5211f2c\" data-element_type=\"widget\" data-e-type=\"widget\" data-widget_type=\"text-editor.default\">\n\t\t\t\t<div class=\"elementor-widget-container\">\n\t\t\t\t\t\t\t\t\t<p>Diesen Fundst\u00fccken gebe ich, nach Trocknung und Reinigung, dann eine neue Funktion und schaffe so Wohnaccessoires, die immer einmalig sind.<br \/>Daneben stelle ich in Ihrem Auftrag gerne andere Wohnaccessoires aus Holz her. Auch hier versuche ich die Nat\u00fcrlichkeit des Werkstoffs zu bewahren und herauszustellen.<\/p>\t\t\t\t\t\t\t\t<\/div>\n\t\t\t\t<\/div>\n\t\t\t\t\t<\/div>\n\t\t<\/div>\n\t\t\t\t\t<\/div>\n\t\t<\/section>\n\t\t\t\t<section class=\"elementor-section elementor-top-section elementor-element elementor-element-7c72a66 elementor-section-boxed elementor-section-height-default elementor-section-height-default\" data-id=\"7c72a66\" data-element_type=\"section\" data-e-type=\"section\">\n\t\t\t\t\t\t<div class=\"elementor-container elementor-column-gap-default\">\n\t\t\t\t\t<div class=\"elementor-column elementor-col-100 elementor-top-column elementor-element elementor-element-7a58a0a\" data-id=\"7a58a0a\" data-element_type=\"column\" data-e-type=\"column\">\n\t\t\t<div class=\"elementor-widget-wrap elementor-element-populated\">\n\t\t\t\t\t\t<div class=\"elementor-element elementor-element-95c1352 elementor-widget elementor-widget-image\" data-id=\"95c1352\" data-element_type=\"widget\" data-e-type=\"widget\" data-widget_type=\"image.default\">\n\t\t\t\t<div class=\"elementor-widget-container\">\n\t\t\t\t\t\t\t\t\t\t\t\t\t\t\t<img decoding=\"async\" src=\"https:\/\/holzkunst-mit-funktion.de\/wp-content\/uploads\/elementor\/thumbs\/\u00dcbermich1-qpst7clnti38thzao9q8nfy09mgfzimeifszdi0w3s.jpg\" title=\"\u00dcbermich1\" alt=\"\u00dcbermich1\" loading=\"lazy\" \/>\t\t\t\t\t\t\t\t\t\t\t\t\t\t\t<\/div>\n\t\t\t\t<\/div>\n\t\t\t\t\t<\/div>\n\t\t<\/div>\n\t\t\t\t\t<\/div>\n\t\t<\/section>\n\t\t\t\t<section class=\"elementor-section elementor-top-section elementor-element elementor-element-6e6e607 elementor-section-boxed elementor-section-height-default elementor-section-height-default\" data-id=\"6e6e607\" data-element_type=\"section\" data-e-type=\"section\">\n\t\t\t\t\t\t<div class=\"elementor-container elementor-column-gap-default\">\n\t\t\t\t\t<div class=\"elementor-column elementor-col-100 elementor-top-column elementor-element elementor-element-d53b861\" data-id=\"d53b861\" data-element_type=\"column\" data-e-type=\"column\">\n\t\t\t<div class=\"elementor-widget-wrap elementor-element-populated\">\n\t\t\t\t\t\t<div class=\"elementor-element elementor-element-96e5085 elementor-widget elementor-widget-text-editor\" data-id=\"96e5085\" data-element_type=\"widget\" data-e-type=\"widget\" data-widget_type=\"text-editor.default\">\n\t\t\t\t<div class=\"elementor-widget-container\">\n\t\t\t\t\t\t\t\t\t<p>Falls m\u00f6glich und erw\u00fcnscht arbeite ich Fundst\u00fccke aus meiner Sammlung in Ihr Projekt ein. Gerne berate ich Sie zu Ihrer Idee und freue mich mit meinen handwerklichen Geschick ein besonderes Wohnobjekt herstellen zu k\u00f6nnen.<\/p>\t\t\t\t\t\t\t\t<\/div>\n\t\t\t\t<\/div>\n\t\t\t\t\t<\/div>\n\t\t<\/div>\n\t\t\t\t\t<\/div>\n\t\t<\/section>\n\t\t\t\t<\/div>\n\t\t","protected":false},"excerpt":{"rendered":"<p>Ich hei\u00dfe Martin Jerchel und lebe seit 2021 in Burgau. Hier im schw\u00e4bischen Barockwinkel genau zwischen M\u00fcnchen und Stuttgart wohne ich mit meiner Familie und freue mich \u00fcber die N\u00e4he zur Natur, nachdem ich lange Zeit in der bayrischen Metropole M\u00fcnchen gelebt habe. Mit dem Umzug konnte ich mir auch den Traum einer gr\u00f6\u00dferen Werkstatt <a class=\"more-link\" href=\"https:\/\/holzkunst-mit-funktion.de\/index.php\/ueber-uns\/\">Weiterlesen\u00a0\u2026<\/a><\/p>\n","protected":false},"author":1,"featured_media":0,"parent":0,"menu_order":0,"comment_status":"closed","ping_status":"closed","template":"","meta":{"footnotes":""},"class_list":["post-19","page","type-page","status-publish","hentry"],"_links":{"self":[{"href":"https:\/\/holzkunst-mit-funktion.de\/index.php\/wp-json\/wp\/v2\/pages\/19","targetHints":{"allow":["GET"]}}],"collection":[{"href":"https:\/\/holzkunst-mit-funktion.de\/index.php\/wp-json\/wp\/v2\/pages"}],"about":[{"href":"https:\/\/holzkunst-mit-funktion.de\/index.php\/wp-json\/wp\/v2\/types\/page"}],"author":[{"embeddable":true,"href":"https:\/\/holzkunst-mit-funktion.de\/index.php\/wp-json\/wp\/v2\/users\/1"}],"replies":[{"embeddable":true,"href":"https:\/\/holzkunst-mit-funktion.de\/index.php\/wp-json\/wp\/v2\/comments?post=19"}],"version-history":[{"count":34,"href":"https:\/\/holzkunst-mit-funktion.de\/index.php\/wp-json\/wp\/v2\/pages\/19\/revisions"}],"predecessor-version":[{"id":1402,"href":"https:\/\/holzkunst-mit-funktion.de\/index.php\/wp-json\/wp\/v2\/pages\/19\/revisions\/1402"}],"wp:attachment":[{"href":"https:\/\/holzkunst-mit-funktion.de\/index.php\/wp-json\/wp\/v2\/media?parent=19"}],"curies":[{"name":"wp","href":"https:\/\/api.w.org\/{rel}","templated":true}]}}