{"id":2,"date":"2019-11-19T20:07:00","date_gmt":"2019-11-19T19:07:00","guid":{"rendered":"https:\/\/holzkunst-mit-funktion.de\/?page_id=2"},"modified":"2023-08-01T21:27:47","modified_gmt":"2023-08-01T19:27:47","slug":"beispiel-seite","status":"publish","type":"page","link":"https:\/\/holzkunst-mit-funktion.de\/","title":{"rendered":"Startseite"},"content":{"rendered":"\t\t<div data-elementor-type=\"wp-page\" data-elementor-id=\"2\" class=\"elementor elementor-2\">\n\t\t\t\t\t\t<section class=\"elementor-section elementor-top-section elementor-element elementor-element-779509f elementor-section-boxed elementor-section-height-default elementor-section-height-default\" data-id=\"779509f\" data-element_type=\"section\" data-e-type=\"section\">\n\t\t\t\t\t\t<div class=\"elementor-container elementor-column-gap-default\">\n\t\t\t\t\t<div class=\"elementor-column elementor-col-100 elementor-top-column elementor-element elementor-element-a712974\" data-id=\"a712974\" data-element_type=\"column\" data-e-type=\"column\">\n\t\t\t<div class=\"elementor-widget-wrap elementor-element-populated\">\n\t\t\t\t\t\t<div class=\"elementor-element elementor-element-c0cc582 elementor-widget elementor-widget-text-editor\" data-id=\"c0cc582\" data-element_type=\"widget\" data-e-type=\"widget\" data-widget_type=\"text-editor.default\">\n\t\t\t\t<div class=\"elementor-widget-container\">\n\t\t\t\t\t\t\t\t\t<h3 style=\"text-align: center;\">MJ Design sagt Servus.<\/h3>\n<div>Meine Leidenschaft ist die Veredelung (\u201eUpcycling\u201c) von Treibholz. Aussergew\u00f6hnliches Holzdesign in Verbindung mit praktischer Funktion ergibt einen stylischen, k\u00fcnstlerischen Blickfang f\u00fcr Ihre private Wohnung oder die Gesch\u00e4ftsr\u00e4ume.<\/div>\t\t\t\t\t\t\t\t<\/div>\n\t\t\t\t<\/div>\n\t\t\t\t\t<\/div>\n\t\t<\/div>\n\t\t\t\t\t<\/div>\n\t\t<\/section>\n\t\t\t\t<section class=\"elementor-section elementor-top-section elementor-element elementor-element-a8e9178 elementor-section-boxed elementor-section-height-default elementor-section-height-default\" data-id=\"a8e9178\" data-element_type=\"section\" data-e-type=\"section\">\n\t\t\t\t\t\t<div class=\"elementor-container elementor-column-gap-default\">\n\t\t\t\t\t<div class=\"elementor-column elementor-col-50 elementor-top-column elementor-element elementor-element-75aed16\" data-id=\"75aed16\" data-element_type=\"column\" data-e-type=\"column\">\n\t\t\t<div class=\"elementor-widget-wrap elementor-element-populated\">\n\t\t\t\t\t\t<div class=\"elementor-element elementor-element-a568022 elementor-widget elementor-widget-text-editor\" data-id=\"a568022\" data-element_type=\"widget\" data-e-type=\"widget\" data-widget_type=\"text-editor.default\">\n\t\t\t\t<div class=\"elementor-widget-container\">\n\t\t\t\t\t\t\t\t\t<h2 style=\"text-align: center;\"><a href=\"https:\/\/holzkunst-mit-funktion.de\/index.php\/portfolio\/holzkunst\/\">Holzkunst<\/a><\/h2><p style=\"text-align: left;\">Entdecken Sie <a href=\"https:\/\/holzkunst-mit-funktion.de\/index.php\/portfolio\/holzkunst\/\">hier<\/a> Einrichtungsgegenst\u00e4nde, die nicht gew\u00f6hnlich und immer ein Unikat sind.<\/p>\t\t\t\t\t\t\t\t<\/div>\n\t\t\t\t<\/div>\n\t\t\t\t<div class=\"elementor-element elementor-element-a9c7c88 elementor-widget elementor-widget-image-carousel\" data-id=\"a9c7c88\" data-element_type=\"widget\" data-e-type=\"widget\" data-settings=\"{&quot;slides_to_show&quot;:&quot;1&quot;,&quot;navigation&quot;:&quot;none&quot;,&quot;autoplay_speed&quot;:4000,&quot;effect&quot;:&quot;fade&quot;,&quot;speed&quot;:1500,&quot;autoplay&quot;:&quot;yes&quot;,&quot;pause_on_hover&quot;:&quot;yes&quot;,&quot;pause_on_interaction&quot;:&quot;yes&quot;,&quot;infinite&quot;:&quot;yes&quot;}\" data-widget_type=\"image-carousel.default\">\n\t\t\t\t<div class=\"elementor-widget-container\">\n\t\t\t\t\t\t\t<div class=\"elementor-image-carousel-wrapper swiper\" role=\"region\" aria-roledescription=\"carousel\" aria-label=\"Bild Karussell\" dir=\"ltr\">\n\t\t\t<div class=\"elementor-image-carousel swiper-wrapper\" aria-live=\"off\">\n\t\t\t\t\t\t\t\t<div class=\"swiper-slide\" role=\"group\" aria-roledescription=\"slide\" aria-label=\"1 von 9\"><a data-elementor-open-lightbox=\"yes\" data-elementor-lightbox-slideshow=\"a9c7c88\" data-elementor-lightbox-title=\"LS006-1\" data-e-action-hash=\"#elementor-action%3Aaction%3Dlightbox%26settings%3DeyJpZCI6NjcxLCJ1cmwiOiJodHRwczpcL1wvaG9semt1bnN0LW1pdC1mdW5rdGlvbi5kZVwvd3AtY29udGVudFwvdXBsb2Fkc1wvMjAyMFwvMDJcL0xTMDA2LTEuanBnIiwic2xpZGVzaG93IjoiYTljN2M4OCJ9\" href=\"https:\/\/holzkunst-mit-funktion.de\/index.php\/portfolio\/holzkunst\/\"><figure class=\"swiper-slide-inner\"><img decoding=\"async\" class=\"swiper-slide-image\" src=\"https:\/\/holzkunst-mit-funktion.de\/wp-content\/uploads\/elementor\/thumbs\/LS006-1-qpst7bnset9ivvuxeugfyvc6mwdg42ayaikbqtl28w.jpg\" alt=\"LS006-1\" \/><\/figure><\/a><\/div><div class=\"swiper-slide\" role=\"group\" aria-roledescription=\"slide\" aria-label=\"2 von 9\"><a data-elementor-open-lightbox=\"yes\" data-elementor-lightbox-slideshow=\"a9c7c88\" data-elementor-lightbox-title=\"Gard02-1\" data-e-action-hash=\"#elementor-action%3Aaction%3Dlightbox%26settings%3DeyJpZCI6MzUyLCJ1cmwiOiJodHRwczpcL1wvaG9semt1bnN0LW1pdC1mdW5rdGlvbi5kZVwvd3AtY29udGVudFwvdXBsb2Fkc1wvMjAyMFwvMDFcL0dhcmQwMi0xLXNjYWxlZC5qcGciLCJzbGlkZXNob3ciOiJhOWM3Yzg4In0%3D\" href=\"https:\/\/holzkunst-mit-funktion.de\/index.php\/portfolio\/holzkunst\/\"><figure class=\"swiper-slide-inner\"><img decoding=\"async\" class=\"swiper-slide-image\" src=\"https:\/\/holzkunst-mit-funktion.de\/wp-content\/uploads\/elementor\/thumbs\/Gard02-1-scaled-qpst7clmlnat7htk9cv2jd3n8a8tbreomn7t83jo2o.jpg\" alt=\"Gard02-1\" \/><\/figure><\/a><\/div><div class=\"swiper-slide\" role=\"group\" aria-roledescription=\"slide\" aria-label=\"3 von 9\"><a data-elementor-open-lightbox=\"yes\" data-elementor-lightbox-slideshow=\"a9c7c88\" data-elementor-lightbox-title=\"LS008-1\" data-e-action-hash=\"#elementor-action%3Aaction%3Dlightbox%26settings%3DeyJpZCI6MzY2LCJ1cmwiOiJodHRwczpcL1wvaG9semt1bnN0LW1pdC1mdW5rdGlvbi5kZVwvd3AtY29udGVudFwvdXBsb2Fkc1wvMjAyMFwvMDFcL0xTMDA4LTEtc2NhbGVkLmpwZyIsInNsaWRlc2hvdyI6ImE5YzdjODgifQ%3D%3D\" href=\"https:\/\/holzkunst-mit-funktion.de\/index.php\/portfolio\/holzkunst\/\"><figure class=\"swiper-slide-inner\"><img decoding=\"async\" class=\"swiper-slide-image\" src=\"https:\/\/holzkunst-mit-funktion.de\/wp-content\/uploads\/elementor\/thumbs\/LS008-1-scaled-qpst7bnset9ivvuxeugfyvc6mwdg42ayaikbqtl28w.jpg\" alt=\"LS008-1\" \/><\/figure><\/a><\/div><div class=\"swiper-slide\" role=\"group\" aria-roledescription=\"slide\" aria-label=\"4 von 9\"><a data-elementor-open-lightbox=\"yes\" data-elementor-lightbox-slideshow=\"a9c7c88\" data-elementor-lightbox-title=\"Leuchtstele-1\" data-e-action-hash=\"#elementor-action%3Aaction%3Dlightbox%26settings%3DeyJpZCI6MzU0LCJ1cmwiOiJodHRwczpcL1wvaG9semt1bnN0LW1pdC1mdW5rdGlvbi5kZVwvd3AtY29udGVudFwvdXBsb2Fkc1wvMjAyMFwvMDFcL0xldWNodHN0ZWxlLTEtc2NhbGVkLmpwZyIsInNsaWRlc2hvdyI6ImE5YzdjODgifQ%3D%3D\" href=\"https:\/\/holzkunst-mit-funktion.de\/index.php\/portfolio\/holzkunst\/\"><figure class=\"swiper-slide-inner\"><img decoding=\"async\" class=\"swiper-slide-image\" src=\"https:\/\/holzkunst-mit-funktion.de\/wp-content\/uploads\/elementor\/thumbs\/Leuchtstele-1-scaled-qpst7clmlnat7htk9cv2jd3n8a8tbreomn7t83jo2o.jpg\" alt=\"Leuchtstele-1\" \/><\/figure><\/a><\/div><div class=\"swiper-slide\" role=\"group\" aria-roledescription=\"slide\" aria-label=\"5 von 9\"><a data-elementor-open-lightbox=\"yes\" data-elementor-lightbox-slideshow=\"a9c7c88\" data-elementor-lightbox-title=\"StempelQuatro\" data-e-action-hash=\"#elementor-action%3Aaction%3Dlightbox%26settings%3DeyJpZCI6NzEwLCJ1cmwiOiJodHRwczpcL1wvaG9semt1bnN0LW1pdC1mdW5rdGlvbi5kZVwvd3AtY29udGVudFwvdXBsb2Fkc1wvMjAyMFwvMDJcL1N0ZW1wZWxRdWF0cm8uanBnIiwic2xpZGVzaG93IjoiYTljN2M4OCJ9\" href=\"https:\/\/holzkunst-mit-funktion.de\/index.php\/portfolio\/holzkunst\/\"><figure class=\"swiper-slide-inner\"><img decoding=\"async\" class=\"swiper-slide-image\" src=\"https:\/\/holzkunst-mit-funktion.de\/wp-content\/uploads\/elementor\/thumbs\/StempelQuatro-qpst7bnset9ivvuxeugfyvc6mwdg42ayaikbqtl28w.jpg\" alt=\"StempelQuatro\" \/><\/figure><\/a><\/div><div class=\"swiper-slide\" role=\"group\" aria-roledescription=\"slide\" aria-label=\"6 von 9\"><a data-elementor-open-lightbox=\"yes\" data-elementor-lightbox-slideshow=\"a9c7c88\" data-elementor-lightbox-title=\"LS010-1\" data-e-action-hash=\"#elementor-action%3Aaction%3Dlightbox%26settings%3DeyJpZCI6MzY4LCJ1cmwiOiJodHRwczpcL1wvaG9semt1bnN0LW1pdC1mdW5rdGlvbi5kZVwvd3AtY29udGVudFwvdXBsb2Fkc1wvMjAyMFwvMDFcL0xTMDEwLTEuanBnIiwic2xpZGVzaG93IjoiYTljN2M4OCJ9\" href=\"https:\/\/holzkunst-mit-funktion.de\/index.php\/portfolio\/holzkunst\/\"><figure class=\"swiper-slide-inner\"><img decoding=\"async\" class=\"swiper-slide-image\" src=\"https:\/\/holzkunst-mit-funktion.de\/wp-content\/uploads\/elementor\/thumbs\/LS010-1-qpst7clmlnat7htk9cv2jd3n8a8tbreomn7t83jo2o.jpg\" alt=\"LS010-1\" \/><\/figure><\/a><\/div><div class=\"swiper-slide\" role=\"group\" aria-roledescription=\"slide\" aria-label=\"7 von 9\"><a data-elementor-open-lightbox=\"yes\" data-elementor-lightbox-slideshow=\"a9c7c88\" data-elementor-lightbox-title=\"LS002-03\" data-e-action-hash=\"#elementor-action%3Aaction%3Dlightbox%26settings%3DeyJpZCI6NjQzLCJ1cmwiOiJodHRwczpcL1wvaG9semt1bnN0LW1pdC1mdW5rdGlvbi5kZVwvd3AtY29udGVudFwvdXBsb2Fkc1wvMjAyMFwvMDJcL0xTMDAyLTAzLXNjYWxlZC5qcGciLCJzbGlkZXNob3ciOiJhOWM3Yzg4In0%3D\" href=\"https:\/\/holzkunst-mit-funktion.de\/index.php\/portfolio\/holzkunst\/\"><figure class=\"swiper-slide-inner\"><img decoding=\"async\" class=\"swiper-slide-image\" src=\"https:\/\/holzkunst-mit-funktion.de\/wp-content\/uploads\/elementor\/thumbs\/LS002-03-scaled-qpst7bnset9ivvuxeugfyvc6mwdg42ayaikbqtl28w.jpg\" alt=\"LS002-03\" \/><\/figure><\/a><\/div><div class=\"swiper-slide\" role=\"group\" aria-roledescription=\"slide\" aria-label=\"8 von 9\"><a data-elementor-open-lightbox=\"yes\" data-elementor-lightbox-slideshow=\"a9c7c88\" data-elementor-lightbox-title=\"Gard03-1\" data-e-action-hash=\"#elementor-action%3Aaction%3Dlightbox%26settings%3DeyJpZCI6Njg2LCJ1cmwiOiJodHRwczpcL1wvaG9semt1bnN0LW1pdC1mdW5rdGlvbi5kZVwvd3AtY29udGVudFwvdXBsb2Fkc1wvMjAyMFwvMDJcL0dhcmQwMy0xLXNjYWxlZC5qcGciLCJzbGlkZXNob3ciOiJhOWM3Yzg4In0%3D\" href=\"https:\/\/holzkunst-mit-funktion.de\/index.php\/portfolio\/holzkunst\/\"><figure class=\"swiper-slide-inner\"><img decoding=\"async\" class=\"swiper-slide-image\" src=\"https:\/\/holzkunst-mit-funktion.de\/wp-content\/uploads\/elementor\/thumbs\/Gard03-1-scaled-qpst7bnset9ivvuxeugfyvc6mwdg42ayaikbqtl28w.jpg\" alt=\"Gard03-1\" \/><\/figure><\/a><\/div><div class=\"swiper-slide\" role=\"group\" aria-roledescription=\"slide\" aria-label=\"9 von 9\"><a data-elementor-open-lightbox=\"yes\" data-elementor-lightbox-slideshow=\"a9c7c88\" data-elementor-lightbox-title=\"Stehlampe2\" data-e-action-hash=\"#elementor-action%3Aaction%3Dlightbox%26settings%3DeyJpZCI6ODY2LCJ1cmwiOiJodHRwczpcL1wvaG9semt1bnN0LW1pdC1mdW5rdGlvbi5kZVwvd3AtY29udGVudFwvdXBsb2Fkc1wvMjAyMFwvMDNcL1N0ZWhsYW1wZTItc2NhbGVkLmpwZyIsInNsaWRlc2hvdyI6ImE5YzdjODgifQ%3D%3D\" href=\"https:\/\/holzkunst-mit-funktion.de\/index.php\/portfolio\/holzkunst\/\"><figure class=\"swiper-slide-inner\"><img decoding=\"async\" class=\"swiper-slide-image\" src=\"https:\/\/holzkunst-mit-funktion.de\/wp-content\/uploads\/elementor\/thumbs\/Stehlampe2-scaled-qpst7clmlnat7htk9cv2jd3n8a8tbreomn7t83jo2o.jpg\" alt=\"Stehlampe2\" \/><\/figure><\/a><\/div>\t\t\t<\/div>\n\t\t\t\t\t\t\t\n\t\t\t\t\t\t\t\t\t<\/div>\n\t\t\t\t\t\t<\/div>\n\t\t\t\t<\/div>\n\t\t\t\t\t<\/div>\n\t\t<\/div>\n\t\t\t\t<div class=\"elementor-column elementor-col-50 elementor-top-column elementor-element elementor-element-13157d2\" data-id=\"13157d2\" data-element_type=\"column\" data-e-type=\"column\">\n\t\t\t<div class=\"elementor-widget-wrap elementor-element-populated\">\n\t\t\t\t\t\t<div class=\"elementor-element elementor-element-2be5031 elementor-widget elementor-widget-text-editor\" data-id=\"2be5031\" data-element_type=\"widget\" data-e-type=\"widget\" data-widget_type=\"text-editor.default\">\n\t\t\t\t<div class=\"elementor-widget-container\">\n\t\t\t\t\t\t\t\t\t<h2 style=\"text-align: center;\">\u00a0<a href=\"https:\/\/holzkunst-mit-funktion.de\/index.php\/portfolio\/auftragsarbeiten\/\">Auftragsarbeit<\/a><\/h2><p>Nichts gefunden? Ich arbeite auch gerne im Auftrag. Was schon entstanden ist sehen Sie <a href=\"https:\/\/holzkunst-mit-funktion.de\/index.php\/portfolio\/auftragsarbeiten\/\">hier<\/a>.<\/p>\t\t\t\t\t\t\t\t<\/div>\n\t\t\t\t<\/div>\n\t\t\t\t<div class=\"elementor-element elementor-element-3ea92a4 elementor-widget elementor-widget-image-carousel\" data-id=\"3ea92a4\" data-element_type=\"widget\" data-e-type=\"widget\" data-settings=\"{&quot;slides_to_show&quot;:&quot;1&quot;,&quot;navigation&quot;:&quot;none&quot;,&quot;effect&quot;:&quot;fade&quot;,&quot;speed&quot;:1500,&quot;autoplay&quot;:&quot;yes&quot;,&quot;pause_on_hover&quot;:&quot;yes&quot;,&quot;pause_on_interaction&quot;:&quot;yes&quot;,&quot;autoplay_speed&quot;:5000,&quot;infinite&quot;:&quot;yes&quot;}\" data-widget_type=\"image-carousel.default\">\n\t\t\t\t<div class=\"elementor-widget-container\">\n\t\t\t\t\t\t\t<div class=\"elementor-image-carousel-wrapper swiper\" role=\"region\" aria-roledescription=\"carousel\" aria-label=\"Bild Karussell\" dir=\"ltr\">\n\t\t\t<div class=\"elementor-image-carousel swiper-wrapper\" aria-live=\"off\">\n\t\t\t\t\t\t\t\t<div class=\"swiper-slide\" role=\"group\" aria-roledescription=\"slide\" aria-label=\"1 von 6\"><a data-elementor-open-lightbox=\"yes\" data-elementor-lightbox-slideshow=\"3ea92a4\" data-elementor-lightbox-title=\"Bar-1\" data-e-action-hash=\"#elementor-action%3Aaction%3Dlightbox%26settings%3DeyJpZCI6NTcyLCJ1cmwiOiJodHRwczpcL1wvaG9semt1bnN0LW1pdC1mdW5rdGlvbi5kZVwvd3AtY29udGVudFwvdXBsb2Fkc1wvMjAyMFwvMDFcL0Jhci0xLmpwZyIsInNsaWRlc2hvdyI6IjNlYTkyYTQifQ%3D%3D\" href=\"https:\/\/holzkunst-mit-funktion.de\/index.php\/portfolio\/auftragsarbeiten\/\"><figure class=\"swiper-slide-inner\"><img decoding=\"async\" class=\"swiper-slide-image\" src=\"https:\/\/holzkunst-mit-funktion.de\/wp-content\/uploads\/elementor\/thumbs\/Bar-1-qpst7clmlnat7htk9cv2jd3n8a8tbreomn7t83jo2o.jpg\" alt=\"Bar-1\" \/><\/figure><\/a><\/div><div class=\"swiper-slide\" role=\"group\" aria-roledescription=\"slide\" aria-label=\"2 von 6\"><a data-elementor-open-lightbox=\"yes\" data-elementor-lightbox-slideshow=\"3ea92a4\" data-elementor-lightbox-title=\"Tablet-1\" data-e-action-hash=\"#elementor-action%3Aaction%3Dlightbox%26settings%3DeyJpZCI6MzQ3LCJ1cmwiOiJodHRwczpcL1wvaG9semt1bnN0LW1pdC1mdW5rdGlvbi5kZVwvd3AtY29udGVudFwvdXBsb2Fkc1wvMjAyMFwvMDFcL1RhYmxldC0xLXNjYWxlZC5qcGciLCJzbGlkZXNob3ciOiIzZWE5MmE0In0%3D\" href=\"https:\/\/holzkunst-mit-funktion.de\/index.php\/portfolio\/auftragsarbeiten\/\"><figure class=\"swiper-slide-inner\"><img decoding=\"async\" class=\"swiper-slide-image\" src=\"https:\/\/holzkunst-mit-funktion.de\/wp-content\/uploads\/elementor\/thumbs\/Tablet-1-scaled-qpst7clmlnat7htk9cv2jd3n8a8tbreomn7t83jo2o.jpg\" alt=\"Tablet-1\" \/><\/figure><\/a><\/div><div class=\"swiper-slide\" role=\"group\" aria-roledescription=\"slide\" aria-label=\"3 von 6\"><a data-elementor-open-lightbox=\"yes\" data-elementor-lightbox-slideshow=\"3ea92a4\" data-elementor-lightbox-title=\"Block-1\" data-e-action-hash=\"#elementor-action%3Aaction%3Dlightbox%26settings%3DeyJpZCI6MzM5LCJ1cmwiOiJodHRwczpcL1wvaG9semt1bnN0LW1pdC1mdW5rdGlvbi5kZVwvd3AtY29udGVudFwvdXBsb2Fkc1wvMjAyMFwvMDFcL0Jsb2NrLTEtc2NhbGVkLmpwZyIsInNsaWRlc2hvdyI6IjNlYTkyYTQifQ%3D%3D\" href=\"https:\/\/holzkunst-mit-funktion.de\/index.php\/portfolio\/auftragsarbeiten\/\"><figure class=\"swiper-slide-inner\"><img decoding=\"async\" class=\"swiper-slide-image\" src=\"https:\/\/holzkunst-mit-funktion.de\/wp-content\/uploads\/elementor\/thumbs\/Block-1-scaled-qpst7bnset9ivvuxeugfyvc6mwdg42ayaikbqtl28w.jpg\" alt=\"Block-1\" \/><\/figure><\/a><\/div><div class=\"swiper-slide\" role=\"group\" aria-roledescription=\"slide\" aria-label=\"4 von 6\"><a data-elementor-open-lightbox=\"yes\" data-elementor-lightbox-slideshow=\"3ea92a4\" data-elementor-lightbox-title=\"Ladestation-3\" data-e-action-hash=\"#elementor-action%3Aaction%3Dlightbox%26settings%3DeyJpZCI6NTYxLCJ1cmwiOiJodHRwczpcL1wvaG9semt1bnN0LW1pdC1mdW5rdGlvbi5kZVwvd3AtY29udGVudFwvdXBsb2Fkc1wvMjAyMFwvMDFcL0xhZGVzdGF0aW9uLTMtc2NhbGVkLmpwZyIsInNsaWRlc2hvdyI6IjNlYTkyYTQifQ%3D%3D\" href=\"https:\/\/holzkunst-mit-funktion.de\/index.php\/portfolio\/auftragsarbeiten\/\"><figure class=\"swiper-slide-inner\"><img decoding=\"async\" class=\"swiper-slide-image\" src=\"https:\/\/holzkunst-mit-funktion.de\/wp-content\/uploads\/elementor\/thumbs\/Ladestation-3-scaled-qpst7clmlnat7htk9cv2jd3n8a8tbreomn7t83jo2o.jpg\" alt=\"Ladestation-3\" \/><\/figure><\/a><\/div><div class=\"swiper-slide\" role=\"group\" aria-roledescription=\"slide\" aria-label=\"5 von 6\"><a data-elementor-open-lightbox=\"yes\" data-elementor-lightbox-slideshow=\"3ea92a4\" data-elementor-lightbox-title=\"Tablet-3\" data-e-action-hash=\"#elementor-action%3Aaction%3Dlightbox%26settings%3DeyJpZCI6MzQ5LCJ1cmwiOiJodHRwczpcL1wvaG9semt1bnN0LW1pdC1mdW5rdGlvbi5kZVwvd3AtY29udGVudFwvdXBsb2Fkc1wvMjAyMFwvMDFcL1RhYmxldC0zLXNjYWxlZC5qcGciLCJzbGlkZXNob3ciOiIzZWE5MmE0In0%3D\" href=\"https:\/\/holzkunst-mit-funktion.de\/index.php\/portfolio\/auftragsarbeiten\/\"><figure class=\"swiper-slide-inner\"><img decoding=\"async\" class=\"swiper-slide-image\" src=\"https:\/\/holzkunst-mit-funktion.de\/wp-content\/uploads\/elementor\/thumbs\/Tablet-3-scaled-qpst7clmlnat7htk9cv2jd3n8a8tbreomn7t83jo2o.jpg\" alt=\"Tablet-3\" \/><\/figure><\/a><\/div><div class=\"swiper-slide\" role=\"group\" aria-roledescription=\"slide\" aria-label=\"6 von 6\"><a data-elementor-open-lightbox=\"yes\" data-elementor-lightbox-slideshow=\"3ea92a4\" data-elementor-lightbox-title=\"20171019_000244\" data-e-action-hash=\"#elementor-action%3Aaction%3Dlightbox%26settings%3DeyJpZCI6ODE3LCJ1cmwiOiJodHRwczpcL1wvaG9semt1bnN0LW1pdC1mdW5rdGlvbi5kZVwvd3AtY29udGVudFwvdXBsb2Fkc1wvMjAyMFwvMDJcLzIwMTcxMDE5XzAwMDI0NC1zY2FsZWQuanBnIiwic2xpZGVzaG93IjoiM2VhOTJhNCJ9\" href=\"https:\/\/holzkunst-mit-funktion.de\/index.php\/portfolio\/auftragsarbeiten\/\"><figure class=\"swiper-slide-inner\"><img decoding=\"async\" class=\"swiper-slide-image\" src=\"https:\/\/holzkunst-mit-funktion.de\/wp-content\/uploads\/elementor\/thumbs\/20171019_000244-scaled-qpst7bnset9ivvuxeugfyvc6mwdg42ayaikbqtl28w.jpg\" alt=\"20171019_000244\" \/><\/figure><\/a><\/div>\t\t\t<\/div>\n\t\t\t\t\t\t\t\n\t\t\t\t\t\t\t\t\t<\/div>\n\t\t\t\t\t\t<\/div>\n\t\t\t\t<\/div>\n\t\t\t\t\t<\/div>\n\t\t<\/div>\n\t\t\t\t\t<\/div>\n\t\t<\/section>\n\t\t\t\t<\/div>\n\t\t","protected":false},"excerpt":{"rendered":"<p>MJ Design sagt Servus. Meine Leidenschaft ist die Veredelung (\u201eUpcycling\u201c) von Treibholz. Aussergew\u00f6hnliches Holzdesign in Verbindung mit praktischer Funktion ergibt einen stylischen, k\u00fcnstlerischen Blickfang f\u00fcr Ihre private Wohnung oder die Gesch\u00e4ftsr\u00e4ume. Holzkunst Entdecken Sie hier Einrichtungsgegenst\u00e4nde, die nicht gew\u00f6hnlich und immer ein Unikat sind. \u00a0Auftragsarbeit Nichts gefunden? Ich arbeite auch gerne im Auftrag. Was schon <a class=\"more-link\" href=\"https:\/\/holzkunst-mit-funktion.de\/\">Weiterlesen\u00a0\u2026<\/a><\/p>\n","protected":false},"author":1,"featured_media":0,"parent":0,"menu_order":0,"comment_status":"closed","ping_status":"closed","template":"","meta":{"footnotes":""},"class_list":["post-2","page","type-page","status-publish","hentry"],"_links":{"self":[{"href":"https:\/\/holzkunst-mit-funktion.de\/index.php\/wp-json\/wp\/v2\/pages\/2","targetHints":{"allow":["GET"]}}],"collection":[{"href":"https:\/\/holzkunst-mit-funktion.de\/index.php\/wp-json\/wp\/v2\/pages"}],"about":[{"href":"https:\/\/holzkunst-mit-funktion.de\/index.php\/wp-json\/wp\/v2\/types\/page"}],"author":[{"embeddable":true,"href":"https:\/\/holzkunst-mit-funktion.de\/index.php\/wp-json\/wp\/v2\/users\/1"}],"replies":[{"embeddable":true,"href":"https:\/\/holzkunst-mit-funktion.de\/index.php\/wp-json\/wp\/v2\/comments?post=2"}],"version-history":[{"count":129,"href":"https:\/\/holzkunst-mit-funktion.de\/index.php\/wp-json\/wp\/v2\/pages\/2\/revisions"}],"predecessor-version":[{"id":1511,"href":"https:\/\/holzkunst-mit-funktion.de\/index.php\/wp-json\/wp\/v2\/pages\/2\/revisions\/1511"}],"wp:attachment":[{"href":"https:\/\/holzkunst-mit-funktion.de\/index.php\/wp-json\/wp\/v2\/media?parent=2"}],"curies":[{"name":"wp","href":"https:\/\/api.w.org\/{rel}","templated":true}]}}