{"id":20,"date":"2019-11-19T20:29:00","date_gmt":"2019-11-19T19:29:00","guid":{"rendered":"https:\/\/holzkunst-mit-funktion.de\/?page_id=20"},"modified":"2022-11-07T18:03:46","modified_gmt":"2022-11-07T17:03:46","slug":"kontakt","status":"publish","type":"page","link":"https:\/\/holzkunst-mit-funktion.de\/index.php\/kontakt\/","title":{"rendered":"Kontakt"},"content":{"rendered":"\t\t<div data-elementor-type=\"wp-page\" data-elementor-id=\"20\" class=\"elementor elementor-20\">\n\t\t\t\t\t\t<section class=\"elementor-section elementor-top-section elementor-element elementor-element-aa2a1f4 elementor-section-boxed elementor-section-height-default elementor-section-height-default\" data-id=\"aa2a1f4\" data-element_type=\"section\" data-e-type=\"section\">\n\t\t\t\t\t\t<div class=\"elementor-container elementor-column-gap-default\">\n\t\t\t\t\t<div class=\"elementor-column elementor-col-100 elementor-top-column elementor-element elementor-element-c0423c8\" data-id=\"c0423c8\" data-element_type=\"column\" data-e-type=\"column\">\n\t\t\t<div class=\"elementor-widget-wrap elementor-element-populated\">\n\t\t\t\t\t\t<div class=\"elementor-element elementor-element-6d1b3ec elementor-widget elementor-widget-text-editor\" data-id=\"6d1b3ec\" data-element_type=\"widget\" data-e-type=\"widget\" data-widget_type=\"text-editor.default\">\n\t\t\t\t<div class=\"elementor-widget-container\">\n\t\t\t\t\t\t\t\t\t<p>Vielen Dank f\u00fcr Ihr Interesse an meinen Arbeiten. Wenn Sie f\u00fcr einzelne Produkte weitere Informationen w\u00fcnschen, dann k\u00f6nnen Sie mich gerne kontaktieren. Bitte schreiben sie mir an folgende Adresse:<\/p>\t\t\t\t\t\t\t\t<\/div>\n\t\t\t\t<\/div>\n\t\t\t\t<div class=\"elementor-element elementor-element-e7298d3 elementor-widget elementor-widget-image\" data-id=\"e7298d3\" data-element_type=\"widget\" data-e-type=\"widget\" data-widget_type=\"image.default\">\n\t\t\t\t<div class=\"elementor-widget-container\">\n\t\t\t\t\t\t\t\t\t\t\t\t\t\t\t<img decoding=\"async\" width=\"185\" height=\"39\" src=\"https:\/\/holzkunst-mit-funktion.de\/wp-content\/uploads\/2022\/11\/email-bild.jpg\" class=\"attachment-large size-large wp-image-1448\" alt=\"\" \/>\t\t\t\t\t\t\t\t\t\t\t\t\t\t\t<\/div>\n\t\t\t\t<\/div>\n\t\t\t\t\t<\/div>\n\t\t<\/div>\n\t\t\t\t\t<\/div>\n\t\t<\/section>\n\t\t\t\t<\/div>\n\t\t","protected":false},"excerpt":{"rendered":"<p>Vielen Dank f\u00fcr Ihr Interesse an meinen Arbeiten. Wenn Sie f\u00fcr einzelne Produkte weitere Informationen w\u00fcnschen, dann k\u00f6nnen Sie mich gerne kontaktieren. Bitte schreiben sie mir an folgende Adresse:<\/p>\n","protected":false},"author":1,"featured_media":0,"parent":0,"menu_order":0,"comment_status":"closed","ping_status":"closed","template":"","meta":{"footnotes":""},"class_list":["post-20","page","type-page","status-publish","hentry"],"_links":{"self":[{"href":"https:\/\/holzkunst-mit-funktion.de\/index.php\/wp-json\/wp\/v2\/pages\/20","targetHints":{"allow":["GET"]}}],"collection":[{"href":"https:\/\/holzkunst-mit-funktion.de\/index.php\/wp-json\/wp\/v2\/pages"}],"about":[{"href":"https:\/\/holzkunst-mit-funktion.de\/index.php\/wp-json\/wp\/v2\/types\/page"}],"author":[{"embeddable":true,"href":"https:\/\/holzkunst-mit-funktion.de\/index.php\/wp-json\/wp\/v2\/users\/1"}],"replies":[{"embeddable":true,"href":"https:\/\/holzkunst-mit-funktion.de\/index.php\/wp-json\/wp\/v2\/comments?post=20"}],"version-history":[{"count":16,"href":"https:\/\/holzkunst-mit-funktion.de\/index.php\/wp-json\/wp\/v2\/pages\/20\/revisions"}],"predecessor-version":[{"id":1478,"href":"https:\/\/holzkunst-mit-funktion.de\/index.php\/wp-json\/wp\/v2\/pages\/20\/revisions\/1478"}],"wp:attachment":[{"href":"https:\/\/holzkunst-mit-funktion.de\/index.php\/wp-json\/wp\/v2\/media?parent=20"}],"curies":[{"name":"wp","href":"https:\/\/api.w.org\/{rel}","templated":true}]}}